{"id":31,"date":"2025-12-07T08:41:16","date_gmt":"2025-12-07T08:41:16","guid":{"rendered":"https:\/\/pekkaparviainen.com\/?page_id=31"},"modified":"2025-12-15T11:08:51","modified_gmt":"2025-12-15T11:08:51","slug":"cv","status":"publish","type":"page","link":"https:\/\/pekkaparviainen.com\/?page_id=31","title":{"rendered":"CV"},"content":{"rendered":"\n<div class=\"wp-block-group alignfull has-base-2-background-color has-background has-global-padding is-layout-constrained wp-container-core-group-is-layout-669513ed wp-block-group-is-layout-constrained\" style=\"margin-top:0;margin-bottom:0;padding-top:var(--wp--preset--spacing--50);padding-right:var(--wp--preset--spacing--50);padding-bottom:var(--wp--preset--spacing--50);padding-left:var(--wp--preset--spacing--50)\">\n<div class=\"wp-block-group is-vertical is-content-justification-center is-layout-flex wp-container-core-group-is-layout-52b864f0 wp-block-group-is-layout-flex\">\n<div class=\"wp-block-group has-background has-global-padding is-layout-constrained wp-block-group-is-layout-constrained\" style=\"background-color:#e7e7e7\">\n<div class=\"wp-block-group has-base-2-background-color has-background has-global-padding is-layout-constrained wp-block-group-is-layout-constrained\">\n<h1 class=\"wp-block-heading has-text-align-center is-style-default has-accent-3-color has-text-color has-link-color has-x-large-font-size wp-elements-43937333562db1c1642cc02601dfeac1\">Pekka Parviainen<\/h1>\n\n\n\n<div class=\"wp-block-group has-global-padding is-layout-constrained wp-block-group-is-layout-constrained\">\n<p class=\"has-text-align-center\">b. 1981 J\u00e4rvenp\u00e4\u00e4 Finland<\/p>\n\n\n\n<div class=\"wp-block-group has-global-padding is-layout-constrained wp-block-group-is-layout-constrained\">\n<p><strong>Lahti University of Applied Sciences<\/strong>, Institute of Fine Arts, 2010-2012<\/p>\n\n\n\n<p><strong>I.E.Repin institute of St. Petersburg art training<\/strong>, Kotka, 2006-2007 <\/p>\n\n\n\n<p><strong>Pekka Halonen\u00b4s academy<\/strong>, Vocational Upper Secondary Education and Training in arts, J\u00e4rvenp\u00e4\u00e4, 2000-2004<\/p>\n<\/div>\n<\/div>\n<\/div>\n<\/div>\n<\/div>\n\n\n\n<div style=\"margin-top:0;margin-bottom:0;height:30px\" aria-hidden=\"true\" class=\"wp-block-spacer\"><\/div>\n\n\n\n<div class=\"wp-block-columns alignwide is-layout-flex wp-container-core-columns-is-layout-d0bbbce0 wp-block-columns-is-layout-flex\">\n<div class=\"wp-block-column is-layout-flow wp-container-core-column-is-layout-e3d1c41b wp-block-column-is-layout-flow\">\n<div class=\"wp-block-group has-background has-global-padding is-layout-constrained wp-block-group-is-layout-constrained\" style=\"background-color:#e7e7e7\">\n<div class=\"wp-block-group has-global-padding is-layout-constrained wp-block-group-is-layout-constrained\">\n<h1 class=\"wp-block-heading has-text-align-left is-style-default has-accent-3-color has-text-color has-link-color has-body-font-family has-large-font-size wp-elements-fba447132031f30888884bc7b998381f\" style=\"font-style:normal;font-weight:600\">Selected Solo<\/h1>\n\n\n\n<p><strong>Origin<\/strong> \u2013 Naantalin Taidehuone, 2023<\/p>\n\n\n\n<p><strong>Tao<\/strong> \u2013 Gallery Bronda, 2022<\/p>\n\n\n\n<p><strong>Natura Major<\/strong> \u2013 Gallery Pato, Kouvola, 2020<\/p>\n\n\n\n<p><strong>Existence <\/strong>\u2013 Gallery Bronda, Helsinki,&nbsp; 2020<\/p>\n<\/div>\n\n\n\n<p><strong>Verso<\/strong> \u2013 Gallery Kajaste, Oulu 2018<\/p>\n\n\n\n<p><strong>Diversity<\/strong> \u2013 Gallery Bronda, Helsinki 2018<\/p>\n\n\n\n<p><strong>Unity <\/strong>\u2013 Gallery Pato, Kouvola 2017<\/p>\n\n\n\n<p><strong>In Summa<\/strong> \u2013 Gallery Bronda, Helsinki 2016<\/p>\n\n\n\n<p><strong>Presence<\/strong> \u2013 Gallery Pato, Kouvola 2016<\/p>\n\n\n\n<p><strong>Illusio <\/strong>\u2013 Verla Mill Museum, Kouvola 2015<\/p>\n\n\n\n<p><strong>Natura<\/strong> \u2013 Gallery Bronda, Helsinki 2014<\/p>\n\n\n\n<p><strong>Luonnontila<\/strong> \u2013 Malmitalo Gallery, Helsinki 2013<\/p>\n\n\n\n<p><strong>Paintings<\/strong> <strong>and graphic works <\/strong>\u2013 Gallery Kapriisi, Tampere 2013<\/p>\n\n\n\n<p><strong>Light vs. Dark<\/strong> \u2013 Gallery Rikhard, Helsinki 2012<\/p>\n\n\n\n<p><strong>Paintings and Graphic works<\/strong> \u2013 Gallery Aila Sepp\u00e4l\u00e4, Lahti 2011<\/p>\n\n\n\n<p><strong>Dialogue<\/strong> \u2013 Ava Gallery, Helsinki 2011<\/p>\n\n\n\n<p><strong>Paintings &amp; Drawings<\/strong> \u2013 Malmitalo Gallery, Helsinki 2007<\/p>\n\n\n\n<p class=\"has-text-align-left\"><strong>Paintings<\/strong> \u2013 Gallery Oma Huone, Helsinki 2006<\/p>\n<\/div>\n<\/div>\n\n\n\n<div class=\"wp-block-column is-layout-flow wp-container-core-column-is-layout-e3d1c41b wp-block-column-is-layout-flow\">\n<h3 class=\"wp-block-heading has-text-align-left is-style-default has-accent-3-color has-text-color has-link-color has-body-font-family has-large-font-size wp-elements-392daf6407386707efb63143ed7e0d39\" style=\"font-style:normal;font-weight:600\">Selected Group Exhibitions<\/h3>\n\n\n\n<p>Gallery Arka, Vilnius, Lithuania, 2024<em> <\/em><\/p>\n\n\n\n<p class=\"has-text-align-left\">Loviisa Art Centre, 2022<\/p>\n\n\n\n<p>Gallery Pato, Kouvola, 2021<\/p>\n\n\n\n<p>Art Centre M\u00e4ltinranta, Tampere 2019<\/p>\n\n\n\n<p>Art Centre Salmela, M\u00e4ntyharju 2019<\/p>\n\n\n\n<p>Cable Factory, Helsinki 2018<\/p>\n\n\n\n<p>Villa Des Arts, Casablanca, Marokko 2017<\/p>\n\n\n\n<p>Marine Centre Vellamo, Kotka 2017<\/p>\n\n\n\n<p>Villa Des Arts, Rabat, Marokko 2016<\/p>\n\n\n\n<p>Gallery G, Helsinki 2015<\/p>\n\n\n\n<p>International Lithographic Symposium, Tidaholm, Sweden 2015<\/p>\n\n\n\n<p>Gallery Pato, Kuusankoski 2015<\/p>\n\n\n\n<p>Kanneltalo gallery, Helsinki 2015<\/p>\n\n\n\n<p>Lihula Manor, Estonia 2014<\/p>\n\n\n\n<p>Art Centre Salmela, M\u00e4ntyharju 2014<\/p>\n\n\n\n<p>Palazzo Ducale, Genoa, Italy 2013<\/p>\n\n\n\n<p>Novosibrsk Graphic Art Triennial, Russia 2012<\/p>\n\n\n\n<p>Art Centre Salmela, M\u00e4ntyharju 2012<\/p>\n\n\n\n<p>Graphics festival, Yekaterinburg, Russia 2012<\/p>\n\n\n\n<p>Ural Division of Fortum, Tyumen, Russia 2011<\/p>\n\n\n\n<p>The Baltic States Biennial of Graphic Arts, Kaliningrad, Russia 2011<\/p>\n\n\n\n<p>Savonlinna Provincial Museum 2011<\/p>\n\n\n\n<p>Kouvola Art Museum 2010<\/p>\n\n\n\n<p>Museu Forte Copacabana, Rio de Janeiro Brazil 2010<\/p>\n\n\n\n<p>Stoa Gallery, Helsinki 2010<\/p>\n\n\n\n<p>Galeria do Palacio, Portugal 2009<\/p>\n\n\n\n<p>Art Centre Salmela, M\u00e4ntyharju 2009<\/p>\n\n\n\n<p>Hanko Town Hall Gallery 2009<\/p>\n\n\n\n<p>J\u00e4rvenp\u00e4\u00e4-House, J\u00e4rvenp\u00e4\u00e4 2008<\/p>\n\n\n\n<p>Koskisto Art Centre, Elim\u00e4ki 2008<\/p>\n\n\n\n<p>Hanko Town Hall gallery 2007<\/p>\n\n\n\n<p>Art Centre Salmela, M\u00e4ntyharju 2007<\/p>\n\n\n\n<p>Sein\u00e4joki Art Hall, Sein\u00e4joki 2006<\/p>\n\n\n\n<p>J\u00e4rvenp\u00e4\u00e4-House, J\u00e4rvenp\u00e4\u00e4 2005<\/p>\n\n\n\n<p>Gallery Allinna, Riihim\u00e4ki 2005<\/p>\n\n\n\n<p>Savoy-Theatre, Helsinki 2005<\/p>\n\n\n\n<p>Archeological Museum, Ventimiglia, Italy 2005<\/p>\n\n\n\n<p>Jogeva, Estonia 2005<\/p>\n\n\n\n<p>Cable Factory, Helsinki 2004<\/p>\n\n\n\n<p>Stoa Gallery, Helsinki 2003<\/p>\n\n\n\n<p>Gallery Alli, Kerava 2003<\/p>\n\n\n\n<p>J\u00e4rvenp\u00e4\u00e4-House 2003<\/p>\n\n\n\n<p>Cygnaus Gallery, Helsinki 2002<\/p>\n\n\n\n<p class=\"has-text-align-left\">J\u00e4rvenp\u00e4\u00e4 Art House, J\u00e4rvenp\u00e4\u00e4 2001<\/p>\n<\/div>\n\n\n\n<div class=\"wp-block-column is-layout-flow wp-container-core-column-is-layout-e3d1c41b wp-block-column-is-layout-flow\">\n<div class=\"wp-block-group has-global-padding is-layout-constrained wp-block-group-is-layout-constrained\">\n<div class=\"wp-block-group has-background has-global-padding is-layout-constrained wp-block-group-is-layout-constrained\" style=\"background-color:#e7e7e7\">\n<h3 class=\"wp-block-heading has-text-align-left is-style-default has-accent-3-color has-text-color has-link-color has-body-font-family has-large-font-size wp-elements-11adaae028c3389d4293eea47f5b9ee3\" style=\"font-style:normal;font-weight:600\">Works in collections<\/h3>\n\n\n\n<p class=\"has-text-align-left\">Art Centre Salmela<\/p>\n\n\n\n<p class=\"has-text-align-left\">Hyvink\u00e4\u00e4 community<\/p>\n\n\n\n<p>HUS<\/p>\n\n\n\n<p>Mikkeli community<\/p>\n\n\n\n<p>M\u00e4ntyharju community<\/p>\n\n\n\n<p>Oulu Art Museum<\/p>\n\n\n\n<p>SOK&nbsp;<\/p>\n\n\n\n<p>State Art Commission<\/p>\n\n\n\n<p>Suomen Lehtiyhtym\u00e4<\/p>\n\n\n\n<p>The Paulo Foundation<\/p>\n<\/div>\n<\/div>\n\n\n\n<h3 class=\"wp-block-heading has-text-align-left is-style-default has-accent-3-color has-text-color has-link-color has-body-font-family has-large-font-size wp-elements-f7cd026431b6558ee8ecb0b5b25a6ad0\" style=\"font-style:normal;font-weight:600\">Art teaching and Art related work<\/h3>\n\n\n\n<p>Finnis Painters Union, Project Manager, 2018-<\/p>\n\n\n\n<p class=\"has-text-align-left\">Studio Pegaso, Helsinki 2015-2019<\/p>\n\n\n\n<p>Alfa Art, Helsinki 2009-2018<\/p>\n\n\n\n<p>Keuda J\u00e4rvenp\u00e4\u00e4, adult training 2011-2012<\/p>\n<\/div>\n<\/div>\n\n\n\n<div class=\"wp-block-columns alignwide is-layout-flex wp-container-core-columns-is-layout-d0bbbce0 wp-block-columns-is-layout-flex\">\n<div class=\"wp-block-column is-layout-flow wp-container-core-column-is-layout-e3d1c41b wp-block-column-is-layout-flow\">\n<div class=\"wp-block-group has-background has-global-padding is-layout-constrained wp-block-group-is-layout-constrained\" style=\"background-color:#e7e7e7\">\n<h3 class=\"wp-block-heading has-text-align-left is-style-default has-accent-3-color has-text-color has-link-color has-body-font-family has-large-font-size wp-elements-433d5985244ee5c05790a3cd222bf99c\" style=\"font-style:normal;font-weight:600\">Public Portraits<\/h3>\n\n\n\n<p class=\"has-text-align-left\">Raimo Lahti, Hyvink\u00e4\u00e4 city manager, 2023<\/p>\n\n\n\n<p>Jyrki Mattila, Hyvink\u00e4\u00e4 city manager, 2023 <\/p>\n\n\n\n<p>Ossi Savolainen, Hyvink\u00e4\u00e4 city manager, 2023 <\/p>\n\n\n\n<p class=\"has-text-align-left\">Erkki Paara, Vaalijala community, 2008 <\/p>\n<\/div>\n<\/div>\n\n\n\n<div class=\"wp-block-column is-layout-flow wp-container-core-column-is-layout-e3d1c41b wp-block-column-is-layout-flow\">\n<div class=\"wp-block-group has-background has-global-padding is-layout-constrained wp-block-group-is-layout-constrained\" style=\"background-color:#e7e7e7\">\n<div class=\"wp-block-group has-base-2-background-color has-background has-global-padding is-layout-constrained wp-block-group-is-layout-constrained\">\n<h3 class=\"wp-block-heading has-text-align-left is-style-default has-accent-3-color has-text-color has-link-color has-body-font-family has-large-font-size wp-elements-231977160c7f5c15b75e90099eb0efbf\" style=\"font-style:normal;font-weight:600\">Grants &amp; Scholarships<\/h3>\n\n\n\n<p class=\"has-text-align-left\">Kone Foundation 2024<\/p>\n\n\n\n<p>Taike 2024<\/p>\n\n\n\n<p>Taike 2022<\/p>\n\n\n\n<p>Taike 2021<\/p>\n\n\n\n<p>Taike 2020<\/p>\n\n\n\n<p>Finnish Cultural Foundation 2018<\/p>\n\n\n\n<p>Finnish Cultural Foundation 2013<\/p>\n\n\n\n<p>Finnish Cultural Foundation 2012<\/p>\n\n\n\n<p>Art Centre Salmela, young artist of the summer, Veikkaus Oy 2009<\/p>\n\n\n\n<p>Mia ja Martin Tiusanen trust, study grant 2007<\/p>\n\n\n\n<p class=\"has-text-align-left\">J\u00e4rvenp\u00e4\u00e4 Community 2003<\/p>\n<\/div>\n<\/div>\n<\/div>\n\n\n\n<div class=\"wp-block-column is-layout-flow wp-container-core-column-is-layout-e3d1c41b wp-block-column-is-layout-flow\">\n<div class=\"wp-block-group has-background has-global-padding is-layout-constrained wp-block-group-is-layout-constrained\" style=\"background-color:#e7e7e7e8\">\n<h3 class=\"wp-block-heading has-text-align-left is-style-default has-accent-3-color has-text-color has-link-color has-body-font-family has-large-font-size wp-elements-5d2f4ce9d6062ab1388ae1a634b15c49\" style=\"font-style:normal;font-weight:600\">Memberships<\/h3>\n\n\n\n<p class=\"has-text-align-left\">The Association of Finnish Printmakers<\/p>\n\n\n\n<p>Finnish Painters Union<\/p>\n\n\n\n<p class=\"has-text-align-left\">The Helsinki Artists association<\/p>\n<\/div>\n<\/div>\n<\/div>\n<\/div>\n\n\n\n<figure class=\"wp-block-image alignwide size-large is-style-rounded is-style-rounded--1\"><img loading=\"lazy\" decoding=\"async\" width=\"1024\" height=\"679\" src=\"https:\/\/pekkaparviainen.com\/wp-content\/uploads\/2025\/12\/IMGP5715-1-1024x679.jpeg\" alt=\"\" class=\"wp-image-177\" srcset=\"https:\/\/pekkaparviainen.com\/wp-content\/uploads\/2025\/12\/IMGP5715-1-1024x679.jpeg 1024w, https:\/\/pekkaparviainen.com\/wp-content\/uploads\/2025\/12\/IMGP5715-1-300x199.jpeg 300w, https:\/\/pekkaparviainen.com\/wp-content\/uploads\/2025\/12\/IMGP5715-1-768x509.jpeg 768w, https:\/\/pekkaparviainen.com\/wp-content\/uploads\/2025\/12\/IMGP5715-1-1536x1018.jpeg 1536w, https:\/\/pekkaparviainen.com\/wp-content\/uploads\/2025\/12\/IMGP5715-1.jpeg 1800w\" sizes=\"auto, (max-width: 1024px) 100vw, 1024px\" \/><figcaption class=\"wp-element-caption\">Gallery Bronda, Helsinki 2016<\/figcaption><\/figure>\n\n\n\n<hr class=\"wp-block-separator has-alpha-channel-opacity\"\/>\n\n\n<ul class=\"wp-elements-c2862d962d82efe644463d9ee85cc2cc wp-block-page-list has-text-color has-contrast-2-color has-background has-base-2-background-color has-small-font-size\"><li class=\"wp-block-pages-list__item\"><a class=\"wp-block-pages-list__item__link\" href=\"https:\/\/pekkaparviainen.com\/?page_id=10\">About<\/a><\/li><li class=\"wp-block-pages-list__item\"><a class=\"wp-block-pages-list__item__link\" href=\"https:\/\/pekkaparviainen.com\/?page_id=35\">Contact<\/a><\/li><li class=\"wp-block-pages-list__item\"><a class=\"wp-block-pages-list__item__link\" href=\"https:\/\/pekkaparviainen.com\/?page_id=31\">CV<\/a><\/li><li class=\"wp-block-pages-list__item\"><a class=\"wp-block-pages-list__item__link\" href=\"https:\/\/pekkaparviainen.com\/?page_id=532\">Drawings<\/a><\/li><li class=\"wp-block-pages-list__item\"><a class=\"wp-block-pages-list__item__link\" href=\"https:\/\/pekkaparviainen.com\/?page_id=298\">Paintings 2013\u20132019<\/a><\/li><li class=\"wp-block-pages-list__item\"><a class=\"wp-block-pages-list__item__link\" href=\"https:\/\/pekkaparviainen.com\/?page_id=115\">Paintings 2019-2023<\/a><\/li><li class=\"wp-block-pages-list__item\"><a class=\"wp-block-pages-list__item__link\" href=\"https:\/\/pekkaparviainen.com\/?page_id=360\">Portraits<\/a><\/li><li class=\"wp-block-pages-list__item\"><a class=\"wp-block-pages-list__item__link\" href=\"https:\/\/pekkaparviainen.com\/?page_id=216\">Printmaking \u2013 Lithography<\/a><\/li><li class=\"wp-block-pages-list__item\"><a class=\"wp-block-pages-list__item__link\" href=\"https:\/\/pekkaparviainen.com\/?page_id=32\">Printmaking \u2013 Woodcuts<\/a><\/li><\/ul>","protected":false},"excerpt":{"rendered":"<p>Pekka Parviainen b. 1981 J\u00e4rvenp\u00e4\u00e4 Finland Lahti University of Applied Sciences, Institute of Fine Arts, 2010-2012 I.E.Repin institute of St. Petersburg art training, Kotka, 2006-2007 Pekka Halonen\u00b4s academy, Vocational Upper Secondary Education and Training in arts, J\u00e4rvenp\u00e4\u00e4, 2000-2004 Selected Solo Origin \u2013 Naantalin Taidehuone, 2023 Tao \u2013 Gallery Bronda, 2022 Natura Major \u2013 Gallery Pato, [&hellip;]<\/p>\n","protected":false},"author":1,"featured_media":178,"parent":0,"menu_order":0,"comment_status":"closed","ping_status":"closed","template":"","meta":{"footnotes":""},"class_list":["post-31","page","type-page","status-publish","has-post-thumbnail","hentry"],"_links":{"self":[{"href":"https:\/\/pekkaparviainen.com\/index.php?rest_route=\/wp\/v2\/pages\/31","targetHints":{"allow":["GET"]}}],"collection":[{"href":"https:\/\/pekkaparviainen.com\/index.php?rest_route=\/wp\/v2\/pages"}],"about":[{"href":"https:\/\/pekkaparviainen.com\/index.php?rest_route=\/wp\/v2\/types\/page"}],"author":[{"embeddable":true,"href":"https:\/\/pekkaparviainen.com\/index.php?rest_route=\/wp\/v2\/users\/1"}],"replies":[{"embeddable":true,"href":"https:\/\/pekkaparviainen.com\/index.php?rest_route=%2Fwp%2Fv2%2Fcomments&post=31"}],"version-history":[{"count":11,"href":"https:\/\/pekkaparviainen.com\/index.php?rest_route=\/wp\/v2\/pages\/31\/revisions"}],"predecessor-version":[{"id":587,"href":"https:\/\/pekkaparviainen.com\/index.php?rest_route=\/wp\/v2\/pages\/31\/revisions\/587"}],"wp:featuredmedia":[{"embeddable":true,"href":"https:\/\/pekkaparviainen.com\/index.php?rest_route=\/wp\/v2\/media\/178"}],"wp:attachment":[{"href":"https:\/\/pekkaparviainen.com\/index.php?rest_route=%2Fwp%2Fv2%2Fmedia&parent=31"}],"curies":[{"name":"wp","href":"https:\/\/api.w.org\/{rel}","templated":true}]}}